{"id":34,"date":"2022-10-27T07:27:22","date_gmt":"2022-10-27T07:27:22","guid":{"rendered":"https:\/\/glasfaser-vertrieb.at\/?page_id=34"},"modified":"2022-10-27T11:11:46","modified_gmt":"2022-10-27T11:11:46","slug":"coming-soon","status":"publish","type":"page","link":"https:\/\/glasfaser-vertrieb.at\/?page_id=34","title":{"rendered":"Coming soon"},"content":{"rendered":"<p style=\"text-align: center;\">coming soon<\/p>\n<p style=\"text-align: center;\"><strong>GLASFASER VERTRIEB<\/strong><\/p>\n<p style=\"text-align: center;\"><strong>Hier entsteht ein Bewerbungsportal f\u00fcr Vertriebsmitarbeiter f\u00fcr den Vertrieb von Glasfaser (&#8222;Letzte Meile&#8220;) in den Bundesl\u00e4ndern Nieder\u00f6sterreich, Burgenland, Steiermark, K\u00e4rnten und Ober\u00f6sterreich.<\/strong><\/p>\n<ul>\n<li style=\"\">                    <span style=\"\">Vorab Infos f\u00fcr Verkaufspers\u00f6nlichkeiten<\/span><\/li>\n<\/ul>\n<p style=\"\">Sie haben Erfahrung im Vertrieb von Telekom Produkten und m\u00f6chten vorab informiert werden? Dann melden Sie sich bei unserem Vertriebsleiter Romeo Sitar unter der Rufnummer <strong>069911122288<\/strong> oder schreiben Sie uns an <strong>info@glasfaser-vertrieb.at<\/strong><\/p>\n","protected":false},"excerpt":{"rendered":"<p>coming soon GLASFASER VERTRIEB Hier entsteht ein Bewerbungsportal f\u00fcr Vertriebsmitarbeiter f\u00fcr den Vertrieb von Glasfaser (&#8222;Letzte Meile&#8220;) in den Bundesl\u00e4ndern Nieder\u00f6sterreich, Burgenland, Steiermark, K\u00e4rnten und Ober\u00f6sterreich. Vorab Infos f\u00fcr Verkaufspers\u00f6nlichkeiten Sie haben Erfahrung im Vertrieb von Telekom Produkten und m\u00f6chten vorab informiert werden? Dann melden Sie sich bei unserem Vertriebsleiter Romeo Sitar unter der Rufnummer [&hellip;]<\/p>\n","protected":false},"author":1,"featured_media":0,"parent":0,"menu_order":0,"comment_status":"closed","ping_status":"closed","template":"","meta":{"footnotes":""},"class_list":["post-34","page","type-page","status-publish","hentry","post-wrapper","thrv_wrapper"],"_links":{"self":[{"href":"https:\/\/glasfaser-vertrieb.at\/index.php?rest_route=\/wp\/v2\/pages\/34","targetHints":{"allow":["GET"]}}],"collection":[{"href":"https:\/\/glasfaser-vertrieb.at\/index.php?rest_route=\/wp\/v2\/pages"}],"about":[{"href":"https:\/\/glasfaser-vertrieb.at\/index.php?rest_route=\/wp\/v2\/types\/page"}],"author":[{"embeddable":true,"href":"https:\/\/glasfaser-vertrieb.at\/index.php?rest_route=\/wp\/v2\/users\/1"}],"replies":[{"embeddable":true,"href":"https:\/\/glasfaser-vertrieb.at\/index.php?rest_route=%2Fwp%2Fv2%2Fcomments&post=34"}],"version-history":[{"count":11,"href":"https:\/\/glasfaser-vertrieb.at\/index.php?rest_route=\/wp\/v2\/pages\/34\/revisions"}],"predecessor-version":[{"id":52,"href":"https:\/\/glasfaser-vertrieb.at\/index.php?rest_route=\/wp\/v2\/pages\/34\/revisions\/52"}],"wp:attachment":[{"href":"https:\/\/glasfaser-vertrieb.at\/index.php?rest_route=%2Fwp%2Fv2%2Fmedia&parent=34"}],"curies":[{"name":"wp","href":"https:\/\/api.w.org\/{rel}","templated":true}]}}